{"id":670,"date":"2017-03-17T09:02:46","date_gmt":"2017-03-17T08:02:46","guid":{"rendered":"http:\/\/www.devis-chrono.com\/betherm\/?page_id=670"},"modified":"2022-07-01T08:29:40","modified_gmt":"2022-07-01T07:29:40","slug":"hqe","status":"publish","type":"page","link":"https:\/\/www.devis-chrono.com\/betherm\/hqe\/","title":{"rendered":"HQE"},"content":{"rendered":"<h2 style=\"text-align: justify;\"><strong>INGENIERIE ENVIRONNEMENTALE DU BATIMENT (QEB)<\/strong><strong>&nbsp;:<\/strong><\/h2>\n<p style=\"text-align: justify;\">La pluralit\u00e9 de nos comp\u00e9tences techniques est id\u00e9ale pour proposer les missions d\u2019\u00e9tudes HQE li\u00e9es \u00e0 la construction durable. Ces missions englobent toutes les activit\u00e9s li\u00e9es au management environnemental et \u00e0 la qualit\u00e9 \u00e9nerg\u00e9tique et environnementale sur tous types de constructions et process. Notamment&nbsp;:<\/p>\n<h2 style=\"text-align: justify;\"><strong>Conseil en Qualit\u00e9 environnementale (MOE &amp; AMO)&nbsp;:<\/strong><\/h2>\n<p style=\"padding-left: 30px; text-align: justify;\">&#8211; Accompagner l\u2019approche environnementale, \u00e9nerg\u00e9tique et \u00e9conomique du projet&nbsp;;<br \/>\n&#8211; D\u00e9finir les objectifs, moyens et priorit\u00e9s du Ma\u00eetre d&rsquo;Ouvrage&nbsp;;<br \/>\n&#8211; D\u00e9finir l\u2019exigence et les contraintes financi\u00e8res li\u00e9es aux niveaux de performance&nbsp;des cibles HQE&nbsp;;<br \/>\n&#8211; R\u00e9diger le programme technique des exigences pour l\u2019appel \u00e0 candidature du ma\u00eetre d\u2019\u0153uvre et le suivi des cibles pendant les \u00e9tudes, le chantier et jusqu\u2019\u00e0 l\u2019exploitation du b\u00e2timent&nbsp;;<br \/>\n&#8211; Assurer la conception technique et environnementale des projets immobiliers&nbsp;;<br \/>\n&#8211; Optimiser les choix architecturaux au niveau de l&rsquo;enveloppe, des mat\u00e9riaux et des proc\u00e9d\u00e9s, par une conception bioclimatique et une approche \u00ab&nbsp;cycle de vie\/qualit\u00e9 sanitaire&nbsp;\u00bb des mat\u00e9riaux et produits&nbsp;;<br \/>\n&#8211; Garantir un niveau optimal de confort hygrothermique, visuel, acoustique et olfactif&nbsp;;<br \/>\n&#8211; R\u00e9aliser les \u00e9tudes de simulation thermique dynamique (STD) pour d\u00e9finir les besoins \u00e9nerg\u00e9tiques du b\u00e2timent au plus pr\u00e9s de son utilisation r\u00e9elle&nbsp;;<br \/>\n&#8211; Mod\u00e9liser l\u2019\u00e9clairage naturel (FLJ) afin d\u2019optimiser le confort visuel&nbsp;;<br \/>\n&#8211; Apporter \u00e0 la ma\u00eetrise d\u2019ouvrage les cl\u00e9s technico-\u00e9conomiques d\u2019aide \u00e0 la d\u00e9cision par une approche en co\u00fbt global&nbsp;;<br \/>\n&#8211; Mobiliser les acteurs concern\u00e9s pour faire respecter les exigences HQE en phase de chantier et exploitation<\/p>\n<h2 style=\"text-align: justify;\"><strong>Expertise Technique et Energ\u00e9tique&nbsp;:<\/strong><\/h2>\n<p style=\"padding-left: 30px; text-align: justify;\">&#8211; Etudes comparatives \u00e9nerg\u00e9tiques, faisabilit\u00e9 des \u00e9nergies renouvelables sur des b\u00e2timents neufs ou \u00e0 r\u00e9habiliter&nbsp;;<br \/>\n&#8211; Optimisation des dimensionnements et des consommations des syst\u00e8mes \u00e9nerg\u00e9tiques&nbsp;;<br \/>\n&#8211; Expertise sur l\u2019enveloppe du b\u00e2ti et les \u00e9quipements techniques (Audit technique)&nbsp;;<br \/>\n&#8211; D\u00e9termination du meilleur compromis entre confort d&rsquo;\u00e9t\u00e9 et \u00e9clairage nature&nbsp;;<br \/>\n&#8211; Audits \u00e9nerg\u00e9tiques en int\u00e9grant les co\u00fbts d\u2019investissement, de fonctionnement et d\u2019exploitation (Co\u00fbt Global)<\/p>\n<h2 style=\"text-align: justify;\"><strong>Suivi d&rsquo;Exploitation Apr\u00e8s R\u00e9ception&nbsp;:<\/strong><\/h2>\n<p style=\"padding-left: 30px; text-align: justify;\">&#8211; Accompagner et former les ma\u00eetres d&rsquo;ouvrage et leur \u00e9quipe technique dans la mise au point des \u00e9quipements techniques&nbsp;;<br \/>\n&#8211; R\u00e9aliser le suivi et l\u2019analyse des consommations \u00e9nerg\u00e9tiques du b\u00e2timent tout en apportant des solutions d\u2019optimisation et d\u2019am\u00e9lioration des syst\u00e8mes&nbsp;;<br \/>\n&#8211; Mesurer le confort des occupants (mesure\/questionnaire) pour une meilleure utilisation du b\u00e2timent&nbsp;;<\/p>\n<p style=\"padding-left: 30px; text-align: center;\"><img loading=\"lazy\" class=\"aligncenter wp-image-1112 size-large\" src=\"https:\/\/www.devis-chrono.com\/betherm\/wp-content\/uploads\/2021\/05\/ATT_RECONNAISSANCE_REFTECH_VINCON-1024x724.jpg\" alt=\"\" width=\"900\" height=\"636\" srcset=\"https:\/\/www.devis-chrono.com\/betherm\/wp-content\/uploads\/2021\/05\/ATT_RECONNAISSANCE_REFTECH_VINCON-1024x724.jpg 1024w, https:\/\/www.devis-chrono.com\/betherm\/wp-content\/uploads\/2021\/05\/ATT_RECONNAISSANCE_REFTECH_VINCON-300x212.jpg 300w, https:\/\/www.devis-chrono.com\/betherm\/wp-content\/uploads\/2021\/05\/ATT_RECONNAISSANCE_REFTECH_VINCON-768x543.jpg 768w, https:\/\/www.devis-chrono.com\/betherm\/wp-content\/uploads\/2021\/05\/ATT_RECONNAISSANCE_REFTECH_VINCON-1536x1085.jpg 1536w, https:\/\/www.devis-chrono.com\/betherm\/wp-content\/uploads\/2021\/05\/ATT_RECONNAISSANCE_REFTECH_VINCON-2048x1447.jpg 2048w\" sizes=\"(max-width: 900px) 100vw, 900px\" \/><a href=\"http:\/\/www.devis-chrono.com\/betherm\/wp-content\/uploads\/2019\/09\/Attestation-NF-HABITAT-HQE-2019.jpg\"><br \/>\n<\/a>Attestation de reconnaissance HQE<\/p>\n","protected":false},"excerpt":{"rendered":"<p>INGENIERIE ENVIRONNEMENTALE DU BATIMENT (QEB)&nbsp;: La pluralit\u00e9 de nos comp\u00e9tences techniques est id\u00e9ale pour proposer les missions d\u2019\u00e9tudes HQE li\u00e9es \u00e0 la construction durable. Ces missions englobent toutes les activit\u00e9s li\u00e9es au management environnemental et \u00e0 la qualit\u00e9 \u00e9nerg\u00e9tique et environnementale sur tous types de constructions et process. Notamment&nbsp;: Conseil en Qualit\u00e9 environnementale (MOE &amp; AMO)&nbsp;: &#8211; Accompagner l\u2019approche environnementale, \u00e9nerg\u00e9tique et \u00e9conomique du projet&nbsp;; &#8211; D\u00e9finir les objectifs, moyens et priorit\u00e9s du Ma\u00eetre d&rsquo;Ouvrage&nbsp;; &#8211; D\u00e9finir l\u2019exigence et les contraintes financi\u00e8res li\u00e9es aux niveaux de performance&nbsp;des cibles HQE&nbsp;; &#8211; R\u00e9diger le programme technique des exigences pour l\u2019appel \u00e0 candidature du ma\u00eetre d\u2019\u0153uvre et le suivi des cibles pendant les \u00e9tudes, le chantier et jusqu\u2019\u00e0 l\u2019exploitation du b\u00e2timent&nbsp;; &#8211; Assurer la conception technique et environnementale des projets immobiliers&nbsp;; &#8211; Optimiser les choix architecturaux au niveau de l&rsquo;enveloppe, des mat\u00e9riaux et des proc\u00e9d\u00e9s, par une conception bioclimatique et une approche \u00ab&nbsp;cycle de vie\/qualit\u00e9 sanitaire&nbsp;\u00bb des mat\u00e9riaux et produits&nbsp;; &#8211; Garantir un niveau optimal de confort hygrothermique, visuel, acoustique et olfactif&nbsp;; &#8211; R\u00e9aliser les \u00e9tudes de simulation thermique dynamique (STD) pour d\u00e9finir les besoins \u00e9nerg\u00e9tiques du b\u00e2timent au plus pr\u00e9s de son utilisation r\u00e9elle&nbsp;; &#8211; Mod\u00e9liser l\u2019\u00e9clairage naturel (FLJ) afin d\u2019optimiser le confort visuel&nbsp;; &#8211; Apporter \u00e0 la ma\u00eetrise d\u2019ouvrage les cl\u00e9s technico-\u00e9conomiques d\u2019aide \u00e0 la d\u00e9cision par une approche en co\u00fbt global&nbsp;; &#8211; Mobiliser les acteurs concern\u00e9s pour faire respecter les exigences HQE en phase de chantier et exploitation Expertise Technique et Energ\u00e9tique&nbsp;: &#8211; Etudes comparatives \u00e9nerg\u00e9tiques, faisabilit\u00e9 des \u00e9nergies renouvelables sur des b\u00e2timents neufs ou \u00e0 r\u00e9habiliter&nbsp;; &#8211; Optimisation des dimensionnements et des consommations des syst\u00e8mes \u00e9nerg\u00e9tiques&nbsp;; &#8211; Expertise sur l\u2019enveloppe du b\u00e2ti et les \u00e9quipements techniques (Audit technique)&nbsp;; &#8211; D\u00e9termination du meilleur compromis entre confort d&rsquo;\u00e9t\u00e9 et \u00e9clairage nature&nbsp;; &#8211; Audits \u00e9nerg\u00e9tiques en int\u00e9grant les co\u00fbts d\u2019investissement, de fonctionnement et d\u2019exploitation (Co\u00fbt Global) Suivi d&rsquo;Exploitation Apr\u00e8s R\u00e9ception&nbsp;: &#8211; Accompagner et former les ma\u00eetres d&rsquo;ouvrage et leur \u00e9quipe technique dans la mise au point des \u00e9quipements techniques&nbsp;; &#8211; R\u00e9aliser le suivi et l\u2019analyse des consommations \u00e9nerg\u00e9tiques du b\u00e2timent tout en apportant des solutions d\u2019optimisation et d\u2019am\u00e9lioration des syst\u00e8mes&nbsp;; &#8211; Mesurer le confort des occupants (mesure\/questionnaire) pour une meilleure utilisation du b\u00e2timent&nbsp;; Attestation de reconnaissance HQE<\/p>\n","protected":false},"author":4,"featured_media":0,"parent":0,"menu_order":0,"comment_status":"closed","ping_status":"open","template":"template-frontpage.php","meta":[],"acf":[],"yoast_head":"<!-- This site is optimized with the Yoast SEO plugin v20.6 - https:\/\/yoast.com\/wordpress\/plugins\/seo\/ -->\n<title>Betherm, HQE<\/title>\n<meta name=\"description\" content=\"HQE\" \/>\n<meta name=\"robots\" content=\"index, follow, max-snippet:-1, max-image-preview:large, max-video-preview:-1\" \/>\n<link rel=\"canonical\" href=\"https:\/\/www.devis-chrono.com\/betherm\/hqe\/\" \/>\n<meta property=\"og:locale\" content=\"fr_FR\" \/>\n<meta property=\"og:type\" content=\"article\" \/>\n<meta property=\"og:title\" content=\"Betherm, HQE\" \/>\n<meta property=\"og:description\" content=\"HQE\" \/>\n<meta property=\"og:url\" content=\"https:\/\/www.devis-chrono.com\/betherm\/hqe\/\" \/>\n<meta property=\"article:modified_time\" content=\"2022-07-01T07:29:40+00:00\" \/>\n<meta property=\"og:image\" content=\"https:\/\/www.devis-chrono.com\/betherm\/wp-content\/uploads\/2021\/05\/ATT_RECONNAISSANCE_REFTECH_VINCON-1024x724.jpg\" \/>\n<meta name=\"twitter:label1\" content=\"Dur\u00e9e de lecture estim\u00e9e\" \/>\n\t<meta name=\"twitter:data1\" content=\"2 minutes\" \/>\n<script type=\"application\/ld+json\" class=\"yoast-schema-graph\">{\"@context\":\"https:\/\/schema.org\",\"@graph\":[{\"@type\":\"WebPage\",\"@id\":\"https:\/\/www.devis-chrono.com\/betherm\/hqe\/\",\"url\":\"https:\/\/www.devis-chrono.com\/betherm\/hqe\/\",\"name\":\"Betherm, HQE\",\"isPartOf\":{\"@id\":\"https:\/\/www.devis-chrono.com\/betherm\/#website\"},\"datePublished\":\"2017-03-17T08:02:46+00:00\",\"dateModified\":\"2022-07-01T07:29:40+00:00\",\"description\":\"HQE\",\"breadcrumb\":{\"@id\":\"https:\/\/www.devis-chrono.com\/betherm\/hqe\/#breadcrumb\"},\"inLanguage\":\"fr-FR\",\"potentialAction\":[{\"@type\":\"ReadAction\",\"target\":[\"https:\/\/www.devis-chrono.com\/betherm\/hqe\/\"]}]},{\"@type\":\"BreadcrumbList\",\"@id\":\"https:\/\/www.devis-chrono.com\/betherm\/hqe\/#breadcrumb\",\"itemListElement\":[{\"@type\":\"ListItem\",\"position\":1,\"name\":\"Accueil\",\"item\":\"https:\/\/www.devis-chrono.com\/betherm\/\"},{\"@type\":\"ListItem\",\"position\":2,\"name\":\"HQE\"}]},{\"@type\":\"WebSite\",\"@id\":\"https:\/\/www.devis-chrono.com\/betherm\/#website\",\"url\":\"https:\/\/www.devis-chrono.com\/betherm\/\",\"name\":\"\",\"description\":\"Bureau d&#039;\u00e9tudes thermiques, fluides, acoustiques et HQE\",\"publisher\":{\"@id\":\"https:\/\/www.devis-chrono.com\/betherm\/#organization\"},\"potentialAction\":[{\"@type\":\"SearchAction\",\"target\":{\"@type\":\"EntryPoint\",\"urlTemplate\":\"https:\/\/www.devis-chrono.com\/betherm\/?s={search_term_string}\"},\"query-input\":\"required name=search_term_string\"}],\"inLanguage\":\"fr-FR\"},{\"@type\":\"Organization\",\"@id\":\"https:\/\/www.devis-chrono.com\/betherm\/#organization\",\"name\":\"Betherm\",\"url\":\"https:\/\/www.devis-chrono.com\/betherm\/\",\"logo\":{\"@type\":\"ImageObject\",\"inLanguage\":\"fr-FR\",\"@id\":\"https:\/\/www.devis-chrono.com\/betherm\/#\/schema\/logo\/image\/\",\"url\":\"https:\/\/www.devis-chrono.com\/betherm\/wp-content\/uploads\/2013\/05\/logo_betherm.jpg\",\"contentUrl\":\"https:\/\/www.devis-chrono.com\/betherm\/wp-content\/uploads\/2013\/05\/logo_betherm.jpg\",\"width\":297,\"height\":95,\"caption\":\"Betherm\"},\"image\":{\"@id\":\"https:\/\/www.devis-chrono.com\/betherm\/#\/schema\/logo\/image\/\"}}]}<\/script>\n<!-- \/ Yoast SEO plugin. -->","yoast_head_json":{"title":"Betherm, HQE","description":"HQE","robots":{"index":"index","follow":"follow","max-snippet":"max-snippet:-1","max-image-preview":"max-image-preview:large","max-video-preview":"max-video-preview:-1"},"canonical":"https:\/\/www.devis-chrono.com\/betherm\/hqe\/","og_locale":"fr_FR","og_type":"article","og_title":"Betherm, HQE","og_description":"HQE","og_url":"https:\/\/www.devis-chrono.com\/betherm\/hqe\/","article_modified_time":"2022-07-01T07:29:40+00:00","og_image":[{"url":"https:\/\/www.devis-chrono.com\/betherm\/wp-content\/uploads\/2021\/05\/ATT_RECONNAISSANCE_REFTECH_VINCON-1024x724.jpg"}],"twitter_misc":{"Dur\u00e9e de lecture estim\u00e9e":"2 minutes"},"schema":{"@context":"https:\/\/schema.org","@graph":[{"@type":"WebPage","@id":"https:\/\/www.devis-chrono.com\/betherm\/hqe\/","url":"https:\/\/www.devis-chrono.com\/betherm\/hqe\/","name":"Betherm, HQE","isPartOf":{"@id":"https:\/\/www.devis-chrono.com\/betherm\/#website"},"datePublished":"2017-03-17T08:02:46+00:00","dateModified":"2022-07-01T07:29:40+00:00","description":"HQE","breadcrumb":{"@id":"https:\/\/www.devis-chrono.com\/betherm\/hqe\/#breadcrumb"},"inLanguage":"fr-FR","potentialAction":[{"@type":"ReadAction","target":["https:\/\/www.devis-chrono.com\/betherm\/hqe\/"]}]},{"@type":"BreadcrumbList","@id":"https:\/\/www.devis-chrono.com\/betherm\/hqe\/#breadcrumb","itemListElement":[{"@type":"ListItem","position":1,"name":"Accueil","item":"https:\/\/www.devis-chrono.com\/betherm\/"},{"@type":"ListItem","position":2,"name":"HQE"}]},{"@type":"WebSite","@id":"https:\/\/www.devis-chrono.com\/betherm\/#website","url":"https:\/\/www.devis-chrono.com\/betherm\/","name":"","description":"Bureau d&#039;\u00e9tudes thermiques, fluides, acoustiques et HQE","publisher":{"@id":"https:\/\/www.devis-chrono.com\/betherm\/#organization"},"potentialAction":[{"@type":"SearchAction","target":{"@type":"EntryPoint","urlTemplate":"https:\/\/www.devis-chrono.com\/betherm\/?s={search_term_string}"},"query-input":"required name=search_term_string"}],"inLanguage":"fr-FR"},{"@type":"Organization","@id":"https:\/\/www.devis-chrono.com\/betherm\/#organization","name":"Betherm","url":"https:\/\/www.devis-chrono.com\/betherm\/","logo":{"@type":"ImageObject","inLanguage":"fr-FR","@id":"https:\/\/www.devis-chrono.com\/betherm\/#\/schema\/logo\/image\/","url":"https:\/\/www.devis-chrono.com\/betherm\/wp-content\/uploads\/2013\/05\/logo_betherm.jpg","contentUrl":"https:\/\/www.devis-chrono.com\/betherm\/wp-content\/uploads\/2013\/05\/logo_betherm.jpg","width":297,"height":95,"caption":"Betherm"},"image":{"@id":"https:\/\/www.devis-chrono.com\/betherm\/#\/schema\/logo\/image\/"}}]}},"_links":{"self":[{"href":"https:\/\/www.devis-chrono.com\/betherm\/wp-json\/wp\/v2\/pages\/670"}],"collection":[{"href":"https:\/\/www.devis-chrono.com\/betherm\/wp-json\/wp\/v2\/pages"}],"about":[{"href":"https:\/\/www.devis-chrono.com\/betherm\/wp-json\/wp\/v2\/types\/page"}],"author":[{"embeddable":true,"href":"https:\/\/www.devis-chrono.com\/betherm\/wp-json\/wp\/v2\/users\/4"}],"replies":[{"embeddable":true,"href":"https:\/\/www.devis-chrono.com\/betherm\/wp-json\/wp\/v2\/comments?post=670"}],"version-history":[{"count":26,"href":"https:\/\/www.devis-chrono.com\/betherm\/wp-json\/wp\/v2\/pages\/670\/revisions"}],"predecessor-version":[{"id":1251,"href":"https:\/\/www.devis-chrono.com\/betherm\/wp-json\/wp\/v2\/pages\/670\/revisions\/1251"}],"wp:attachment":[{"href":"https:\/\/www.devis-chrono.com\/betherm\/wp-json\/wp\/v2\/media?parent=670"}],"curies":[{"name":"wp","href":"https:\/\/api.w.org\/{rel}","templated":true}]}}