{"id":10,"date":"2013-05-24T14:15:16","date_gmt":"2013-05-24T13:15:16","guid":{"rendered":"http:\/\/www.devis-chrono.com\/betherm\/?page_id=10"},"modified":"2022-07-01T08:36:02","modified_gmt":"2022-07-01T07:36:02","slug":"references","status":"publish","type":"page","link":"https:\/\/www.devis-chrono.com\/betherm\/references\/","title":{"rendered":"R\u00e9f\u00e9rences"},"content":{"rendered":"","protected":false},"excerpt":{"rendered":"","protected":false},"author":4,"featured_media":0,"parent":0,"menu_order":0,"comment_status":"open","ping_status":"open","template":"template-portfolio-overview.php","meta":[],"acf":[],"yoast_head":"<!-- This site is optimized with the Yoast SEO plugin v20.6 - https:\/\/yoast.com\/wordpress\/plugins\/seo\/ -->\n<title>Betherm, r\u00e9f\u00e9rences<\/title>\n<meta name=\"description\" content=\"Retrouvez l&#039;ensemble des r\u00e9alisations Betherm : groupes scolaires, bureaux, logements collectifs, r\u00e9sidences...\" \/>\n<meta name=\"robots\" content=\"index, follow, max-snippet:-1, max-image-preview:large, max-video-preview:-1\" \/>\n<link rel=\"canonical\" href=\"https:\/\/www.devis-chrono.com\/betherm\/references\/\" \/>\n<meta property=\"og:locale\" content=\"fr_FR\" \/>\n<meta property=\"og:type\" content=\"article\" \/>\n<meta property=\"og:title\" content=\"Betherm, r\u00e9f\u00e9rences\" \/>\n<meta property=\"og:description\" content=\"Retrouvez l&#039;ensemble des r\u00e9alisations Betherm : groupes scolaires, bureaux, logements collectifs, r\u00e9sidences...\" \/>\n<meta property=\"og:url\" content=\"https:\/\/www.devis-chrono.com\/betherm\/references\/\" \/>\n<meta property=\"article:modified_time\" content=\"2022-07-01T07:36:02+00:00\" \/>\n<script type=\"application\/ld+json\" class=\"yoast-schema-graph\">{\"@context\":\"https:\/\/schema.org\",\"@graph\":[{\"@type\":\"WebPage\",\"@id\":\"https:\/\/www.devis-chrono.com\/betherm\/references\/\",\"url\":\"https:\/\/www.devis-chrono.com\/betherm\/references\/\",\"name\":\"Betherm, r\u00e9f\u00e9rences\",\"isPartOf\":{\"@id\":\"https:\/\/www.devis-chrono.com\/betherm\/#website\"},\"datePublished\":\"2013-05-24T13:15:16+00:00\",\"dateModified\":\"2022-07-01T07:36:02+00:00\",\"description\":\"Retrouvez l'ensemble des r\u00e9alisations Betherm : groupes scolaires, bureaux, logements collectifs, r\u00e9sidences...\",\"breadcrumb\":{\"@id\":\"https:\/\/www.devis-chrono.com\/betherm\/references\/#breadcrumb\"},\"inLanguage\":\"fr-FR\",\"potentialAction\":[{\"@type\":\"ReadAction\",\"target\":[\"https:\/\/www.devis-chrono.com\/betherm\/references\/\"]}]},{\"@type\":\"BreadcrumbList\",\"@id\":\"https:\/\/www.devis-chrono.com\/betherm\/references\/#breadcrumb\",\"itemListElement\":[{\"@type\":\"ListItem\",\"position\":1,\"name\":\"Accueil\",\"item\":\"https:\/\/www.devis-chrono.com\/betherm\/\"},{\"@type\":\"ListItem\",\"position\":2,\"name\":\"R\u00e9f\u00e9rences\"}]},{\"@type\":\"WebSite\",\"@id\":\"https:\/\/www.devis-chrono.com\/betherm\/#website\",\"url\":\"https:\/\/www.devis-chrono.com\/betherm\/\",\"name\":\"\",\"description\":\"Bureau d&#039;\u00e9tudes thermiques, fluides, acoustiques et HQE\",\"publisher\":{\"@id\":\"https:\/\/www.devis-chrono.com\/betherm\/#organization\"},\"potentialAction\":[{\"@type\":\"SearchAction\",\"target\":{\"@type\":\"EntryPoint\",\"urlTemplate\":\"https:\/\/www.devis-chrono.com\/betherm\/?s={search_term_string}\"},\"query-input\":\"required name=search_term_string\"}],\"inLanguage\":\"fr-FR\"},{\"@type\":\"Organization\",\"@id\":\"https:\/\/www.devis-chrono.com\/betherm\/#organization\",\"name\":\"Betherm\",\"url\":\"https:\/\/www.devis-chrono.com\/betherm\/\",\"logo\":{\"@type\":\"ImageObject\",\"inLanguage\":\"fr-FR\",\"@id\":\"https:\/\/www.devis-chrono.com\/betherm\/#\/schema\/logo\/image\/\",\"url\":\"https:\/\/www.devis-chrono.com\/betherm\/wp-content\/uploads\/2013\/05\/logo_betherm.jpg\",\"contentUrl\":\"https:\/\/www.devis-chrono.com\/betherm\/wp-content\/uploads\/2013\/05\/logo_betherm.jpg\",\"width\":297,\"height\":95,\"caption\":\"Betherm\"},\"image\":{\"@id\":\"https:\/\/www.devis-chrono.com\/betherm\/#\/schema\/logo\/image\/\"}}]}<\/script>\n<!-- \/ Yoast SEO plugin. -->","yoast_head_json":{"title":"Betherm, r\u00e9f\u00e9rences","description":"Retrouvez l'ensemble des r\u00e9alisations Betherm : groupes scolaires, bureaux, logements collectifs, r\u00e9sidences...","robots":{"index":"index","follow":"follow","max-snippet":"max-snippet:-1","max-image-preview":"max-image-preview:large","max-video-preview":"max-video-preview:-1"},"canonical":"https:\/\/www.devis-chrono.com\/betherm\/references\/","og_locale":"fr_FR","og_type":"article","og_title":"Betherm, r\u00e9f\u00e9rences","og_description":"Retrouvez l'ensemble des r\u00e9alisations Betherm : groupes scolaires, bureaux, logements collectifs, r\u00e9sidences...","og_url":"https:\/\/www.devis-chrono.com\/betherm\/references\/","article_modified_time":"2022-07-01T07:36:02+00:00","schema":{"@context":"https:\/\/schema.org","@graph":[{"@type":"WebPage","@id":"https:\/\/www.devis-chrono.com\/betherm\/references\/","url":"https:\/\/www.devis-chrono.com\/betherm\/references\/","name":"Betherm, r\u00e9f\u00e9rences","isPartOf":{"@id":"https:\/\/www.devis-chrono.com\/betherm\/#website"},"datePublished":"2013-05-24T13:15:16+00:00","dateModified":"2022-07-01T07:36:02+00:00","description":"Retrouvez l'ensemble des r\u00e9alisations Betherm : groupes scolaires, bureaux, logements collectifs, r\u00e9sidences...","breadcrumb":{"@id":"https:\/\/www.devis-chrono.com\/betherm\/references\/#breadcrumb"},"inLanguage":"fr-FR","potentialAction":[{"@type":"ReadAction","target":["https:\/\/www.devis-chrono.com\/betherm\/references\/"]}]},{"@type":"BreadcrumbList","@id":"https:\/\/www.devis-chrono.com\/betherm\/references\/#breadcrumb","itemListElement":[{"@type":"ListItem","position":1,"name":"Accueil","item":"https:\/\/www.devis-chrono.com\/betherm\/"},{"@type":"ListItem","position":2,"name":"R\u00e9f\u00e9rences"}]},{"@type":"WebSite","@id":"https:\/\/www.devis-chrono.com\/betherm\/#website","url":"https:\/\/www.devis-chrono.com\/betherm\/","name":"","description":"Bureau d&#039;\u00e9tudes thermiques, fluides, acoustiques et HQE","publisher":{"@id":"https:\/\/www.devis-chrono.com\/betherm\/#organization"},"potentialAction":[{"@type":"SearchAction","target":{"@type":"EntryPoint","urlTemplate":"https:\/\/www.devis-chrono.com\/betherm\/?s={search_term_string}"},"query-input":"required name=search_term_string"}],"inLanguage":"fr-FR"},{"@type":"Organization","@id":"https:\/\/www.devis-chrono.com\/betherm\/#organization","name":"Betherm","url":"https:\/\/www.devis-chrono.com\/betherm\/","logo":{"@type":"ImageObject","inLanguage":"fr-FR","@id":"https:\/\/www.devis-chrono.com\/betherm\/#\/schema\/logo\/image\/","url":"https:\/\/www.devis-chrono.com\/betherm\/wp-content\/uploads\/2013\/05\/logo_betherm.jpg","contentUrl":"https:\/\/www.devis-chrono.com\/betherm\/wp-content\/uploads\/2013\/05\/logo_betherm.jpg","width":297,"height":95,"caption":"Betherm"},"image":{"@id":"https:\/\/www.devis-chrono.com\/betherm\/#\/schema\/logo\/image\/"}}]}},"_links":{"self":[{"href":"https:\/\/www.devis-chrono.com\/betherm\/wp-json\/wp\/v2\/pages\/10"}],"collection":[{"href":"https:\/\/www.devis-chrono.com\/betherm\/wp-json\/wp\/v2\/pages"}],"about":[{"href":"https:\/\/www.devis-chrono.com\/betherm\/wp-json\/wp\/v2\/types\/page"}],"author":[{"embeddable":true,"href":"https:\/\/www.devis-chrono.com\/betherm\/wp-json\/wp\/v2\/users\/4"}],"replies":[{"embeddable":true,"href":"https:\/\/www.devis-chrono.com\/betherm\/wp-json\/wp\/v2\/comments?post=10"}],"version-history":[{"count":2,"href":"https:\/\/www.devis-chrono.com\/betherm\/wp-json\/wp\/v2\/pages\/10\/revisions"}],"predecessor-version":[{"id":160,"href":"https:\/\/www.devis-chrono.com\/betherm\/wp-json\/wp\/v2\/pages\/10\/revisions\/160"}],"wp:attachment":[{"href":"https:\/\/www.devis-chrono.com\/betherm\/wp-json\/wp\/v2\/media?parent=10"}],"curies":[{"name":"wp","href":"https:\/\/api.w.org\/{rel}","templated":true}]}}